{"id":866,"date":"2025-06-20T09:04:57","date_gmt":"2025-06-20T02:04:57","guid":{"rendered":"https:\/\/fte.vn\/gioi-thieu"},"modified":"2026-04-14T20:28:49","modified_gmt":"2026-04-14T13:28:49","slug":"gioi-thieu","status":"publish","type":"page","link":"https:\/\/fte.vn\/en\/gioi-thieu","title":{"rendered":"Gi\u1edbi thi\u1ec7u"},"content":{"rendered":"  <div id=\"page-header-165290\" class=\"page-header-wrapper\">\n  <div class=\"page-title light simple-title\">\n\n        <div class=\"page-title-bg\">\n      <div class=\"title-bg fill bg-fill\"\n        data-parallax-container=\".page-title\"\n        data-parallax-background\n        data-parallax=\"-\">\n      <\/div>\n      <div class=\"title-overlay fill\"><\/div>\n    <\/div>\n    \n    <div class=\"page-title-inner container align-center flex-row medium-flex-wrap\" >\n              <div class=\"title-wrapper flex-col text-left medium-text-center\">\n          <h1 class=\"entry-title mb-0\">\n            Gi\u1edbi thi\u1ec7u          <\/h1>\n        <\/div>\n                    <div class=\"title-content flex-col flex-right text-right medium-text-center\">\n        <div class=\"title-breadcrumbs pb-half pt-half\"><\/div>      <\/div>\n    <\/div>\n\n     \n<style>\n#page-header-165290 .page-title-inner {\n  min-height: 165px;\n}\n#page-header-165290 .title-overlay {\n  background-color: rgba(0, 0, 0, 0);\n}\n#page-header-165290 {\n  background-color: rgb(247, 247, 247);\n}\n<\/style>\n  <\/div>\n    <\/div>\n  \n\n\t<section class=\"section\" id=\"section_1821624968\">\n\t\t<div class=\"section-bg fill\" >\n\t\t\t\t\t\t\t\t\t\n\t\t\t\n\n\t\t<\/div>\n\n\t\t\n\n\t\t<div class=\"section-content relative\">\n\t\t\t\n<div class=\"row row-large\"  id=\"row-1446819525\">\n\n\t<div id=\"col-909043565\" class=\"col medium-12 small-12 large-7\"  >\n\t\t\t\t<div class=\"col-inner\"  >\n\t\t\t\n\t\t\t\n\t<div id=\"text-821106246\" class=\"text\">\n\t\t\n<h5>GI\u1ea2I PH\u00c1P CHO M\u00d4I TR\u01af\u1edcNG<\/h5>\n\t\t\n<style>\n#text-821106246 {\n  color: #00a335;\n}\n#text-821106246 > * {\n  color: #00a335;\n}\n<\/style>\n\t<\/div>\n\t\n\t<div id=\"text-1911178339\" class=\"text\">\n\t\t\n<h2>C\u00d4NG TY TNHH M\u00d4I TR\u01af\u1edcNG S\u1ea0CH FTE<\/h2>\n\t\t\n<style>\n#text-1911178339 {\n  font-size: 1.5rem;\n  line-height: 1.3;\n}\n<\/style>\n\t<\/div>\n\t\n\t<div id=\"text-91581057\" class=\"text check-list\">\n\t\t\n<div>FTE ho\u1ea1t \u0111\u1ed9ng trong l\u0129nh v\u1ef1c thu mua d\u1ea7u \u0103n \u0111\u00e3 qua s\u1eed d\u1ee5ng (UCO), ch\u00fang t\u00f4i tham gia v\u00e0o chu\u1ed7i cung \u1ee9ng nguy\u00ean li\u1ec7u t\u00e1i t\u1ea1o v\u00e0 nhi\u00ean li\u1ec7u carbon th\u1ea5p t\u1ea1i Vi\u1ec7t Nam, d\u1ea7u \u0103n \u0111\u00e3 qua s\u1eed d\u1ee5ng, m\u1ee1 \u0111\u1ed9ng v\u1eadt, d\u1ea7u c\u00e1 \u0111\u1ebfn CNSL, \u0111\u00e2y l\u00e0 nh\u1eefng ngu\u1ed3n nguy\u00ean li\u1ec7u tr\u1ef1c ti\u1ebfp s\u1ea3n xu\u1ea5t th\u00e0nh HVO, SAF v\u00e0 bio-naphtha.<\/div>\n<div>\u00a0<\/div>\n<div>Ch\u00fang t\u00f4i tham gia v\u00e0o chu\u1ed7i cung \u1ee9ng qu\u1ed1c t\u1ebf, \u0111\u00e1p \u1ee9ng \u0111\u1ee7 \u0111i\u1ec1u ki\u1ec7n ch\u1ee9ng nh\u1eadn (ISCC, RSB), xu h\u01b0\u1edbng th\u1ecb tr\u01b0\u1eddng v\u00e0 c\u01a1 h\u1ed9i h\u1ee3p t\u00e1c.<\/div>\n<div>\u00a0<\/div>\n<div>M\u1ee5c ti\u00eau: X\u00e2y d\u1ef1ng doanh nghi\u1ec7p n\u0103ng \u0111\u1ed9ng nh\u1ea5t t\u1ea1i Vi\u1ec7t Nam v\u1ec1 chu\u1ed7i gi\u00e1 tr\u1ecb nguy\u00ean li\u1ec7u sinh h\u1ecdc v\u00e0 nhi\u00ean li\u1ec7u t\u00e1i t\u1ea1o.<\/div>\n\t\t\n<style>\n#text-91581057 {\n  font-size: 1.1rem;\n}\n<\/style>\n\t<\/div>\n\t\n\t\t<\/div>\n\t\t\t\t\t<\/div>\n\n\t\n\n\t<div id=\"col-1419024170\" class=\"col medium-12 small-12 large-5\"  >\n\t\t\t\t<div class=\"col-inner\"  >\n\t\t\t\n\t\t\t\n\n  <div class=\"banner has-hover\" id=\"banner-916874693\">\n          <div class=\"banner-inner fill\">\n        <div class=\"banner-bg fill\" >\n                                                \n                    <\/div>\n\t\t\n        <div class=\"banner-layers container\">\n            <div class=\"fill banner-link\"><\/div>            \n\t<div class=\"img has-hover x85 md-x85 lg-x85 y30 md-y30 lg-y30\" id=\"image_632430373\">\n\t\t\t\t\t\t<div data-animate=\"bounceIn\">\t\t<div class=\"img-inner dark\" >\n\t\t\t<img loading=\"lazy\" decoding=\"async\" width=\"300\" height=\"296\" src=\"https:\/\/fte.vn\/wp-content\/uploads\/2026\/04\/9a09275a-7231-47a8-b6aa-119ba47a22d9-300x296.jpg\" class=\"attachment-medium size-medium\" alt=\"\" srcset=\"https:\/\/fte.vn\/wp-content\/uploads\/2026\/04\/9a09275a-7231-47a8-b6aa-119ba47a22d9-300x296.jpg 300w, https:\/\/fte.vn\/wp-content\/uploads\/2026\/04\/9a09275a-7231-47a8-b6aa-119ba47a22d9-768x759.jpg 768w, https:\/\/fte.vn\/wp-content\/uploads\/2026\/04\/9a09275a-7231-47a8-b6aa-119ba47a22d9.jpg 900w\" sizes=\"auto, (max-width: 300px) 100vw, 300px\" \/>\t\t\t\t\t\t\n\t\t\t\t\t<\/div>\n\t\t<\/div>\t\t\t\t\t\t\n<style>\n#image_632430373 {\n  width: 35%;\n}\n<\/style>\n\t<\/div>\n\t\n\t<div class=\"img has-hover x0 md-x0 lg-x0 y85 md-y85 lg-y85\" id=\"image_2043583919\">\n\t\t\t\t\t\t<div data-animate=\"bounceIn\">\t\t<div class=\"img-inner dark\" >\n\t\t\t<img loading=\"lazy\" decoding=\"async\" width=\"300\" height=\"300\" src=\"https:\/\/fte.vn\/wp-content\/uploads\/2026\/04\/0839c6f2-325c-4c2a-9a80-285c70aaa4a2-300x300.jpg\" class=\"attachment-medium size-medium\" alt=\"\" srcset=\"https:\/\/fte.vn\/wp-content\/uploads\/2026\/04\/0839c6f2-325c-4c2a-9a80-285c70aaa4a2-300x300.jpg 300w, https:\/\/fte.vn\/wp-content\/uploads\/2026\/04\/0839c6f2-325c-4c2a-9a80-285c70aaa4a2-150x150.jpg 150w, https:\/\/fte.vn\/wp-content\/uploads\/2026\/04\/0839c6f2-325c-4c2a-9a80-285c70aaa4a2-768x768.jpg 768w, https:\/\/fte.vn\/wp-content\/uploads\/2026\/04\/0839c6f2-325c-4c2a-9a80-285c70aaa4a2.jpg 900w\" sizes=\"auto, (max-width: 300px) 100vw, 300px\" \/>\t\t\t\t\t\t\n\t\t\t\t\t<\/div>\n\t\t<\/div>\t\t\t\t\t\t\n<style>\n#image_2043583919 {\n  width: 56%;\n}\n<\/style>\n\t<\/div>\n\t\n\t<div class=\"img has-hover x95 md-x95 lg-x95 y100 md-y100 lg-y100\" id=\"image_1614264825\">\n\t\t\t\t\t\t<div data-animate=\"bounceIn\">\t\t<div class=\"img-inner dark\" >\n\t\t\t<img loading=\"lazy\" decoding=\"async\" width=\"300\" height=\"300\" src=\"https:\/\/fte.vn\/wp-content\/uploads\/2026\/04\/7315fd6a-af21-40b6-b27a-537322a7d730-300x300.jpg\" class=\"attachment-medium size-medium\" alt=\"\" srcset=\"https:\/\/fte.vn\/wp-content\/uploads\/2026\/04\/7315fd6a-af21-40b6-b27a-537322a7d730-300x300.jpg 300w, https:\/\/fte.vn\/wp-content\/uploads\/2026\/04\/7315fd6a-af21-40b6-b27a-537322a7d730-150x150.jpg 150w, https:\/\/fte.vn\/wp-content\/uploads\/2026\/04\/7315fd6a-af21-40b6-b27a-537322a7d730-768x765.jpg 768w, https:\/\/fte.vn\/wp-content\/uploads\/2026\/04\/7315fd6a-af21-40b6-b27a-537322a7d730.jpg 900w\" sizes=\"auto, (max-width: 300px) 100vw, 300px\" \/>\t\t\t\t\t\t\n\t\t\t\t\t<\/div>\n\t\t<\/div>\t\t\t\t\t\t\n<style>\n#image_1614264825 {\n  width: 56%;\n}\n<\/style>\n\t<\/div>\n\t\n        <\/div>\n      <\/div>\n\n            \n<style>\n#banner-916874693 {\n  padding-top: 300px;\n  background-color: rgba(0, 0, 0, 0);\n}\n@media (min-width:550px) {\n  #banner-916874693 {\n    padding-top: 125.75%;\n  }\n}\n<\/style>\n  <\/div>\n\n\n\t\t<\/div>\n\t\t\t\t\n<style>\n#col-1419024170 > .col-inner {\n  margin: 0px 0px -30px 0px;\n}\n@media (min-width:850px) {\n  #col-1419024170 > .col-inner {\n    margin: 0px 0px 0px 0px;\n  }\n}\n<\/style>\n\t<\/div>\n\n\t\n<\/div>\n\t\t<\/div>\n\n\t\t\n<style>\n#section_1821624968 {\n  padding-top: 80px;\n  padding-bottom: 80px;\n}\n@media (min-width:850px) {\n  #section_1821624968 {\n    padding-top: 80px;\n    padding-bottom: 80px;\n  }\n}\n<\/style>\n\t<\/section>\n\t\n\n\t<section class=\"section bg-contain\" id=\"section_1390013822\">\n\t\t<div class=\"section-bg fill\" >\n\t\t\t<img loading=\"lazy\" decoding=\"async\" width=\"2264\" height=\"1284\" src=\"https:\/\/fte.vn\/wp-content\/uploads\/2026\/03\/message-box-bg.png\" class=\"bg attachment- size-\" alt=\"\" \/>\t\t\t\t\t\t\n\t\t\t\n\n\t\t<\/div>\n\n\t\t\n\n\t\t<div class=\"section-content relative\">\n\t\t\t\n<div class=\"row align-middle\"  id=\"row-103837501\">\n\n\t<div id=\"col-1778282172\" class=\"col medium-6 small-12 large-4\"  >\n\t\t\t\t<div class=\"col-inner dark\"  >\n\t\t\t\n\t\t\t\n\t<div id=\"text-749819718\" class=\"text text-white\">\n\t\t\n<h2>FTE l\u00e0 ai ?<\/h2>\n\t\t\n<style>\n#text-749819718 {\n  font-size: 1.6rem;\n  line-height: 1.3;\n}\n<\/style>\n\t<\/div>\n\t\n\t\t<\/div>\n\t\t\t\t\n<style>\n#col-1778282172 > .col-inner {\n  padding: 0px 0px 30px 0px;\n  margin: 0px 0px -30px 0px;\n}\n@media (min-width:550px) {\n  #col-1778282172 > .col-inner {\n    padding: 0px 30px 0px 0px;\n  }\n}\n<\/style>\n\t<\/div>\n\n\t\n\n\t<div id=\"col-400253707\" class=\"col medium-12 small-12 large-7\"  >\n\t\t\t\t<div class=\"col-inner dark\"  >\n\t\t\t\n\t\t\t\n<p>C\u00f4ng ty TNHH M\u00f4i Tr\u01b0\u1eddng S\u1ea1ch FTE l\u00e0 \u0111\u01a1n v\u1ecb \u0111\u01b0\u1ee3c c\u1ea5p ph\u00e9p ho\u1ea1t \u0111\u1ed9ng trong l\u0129nh v\u1ef1c thu gom d\u1ea7u \u0103n \u0111\u00e3 qua s\u1eed d\u1ee5ng (UCO), x\u1eed l\u00fd v\u00e0 xu\u1ea5t kh\u1ea9u d\u1ea7u \u0103n th\u1ea3i, m\u1ee1 \u0111\u1ed9ng v\u1eadt, CNSL. Ch\u00fang t\u00f4i cung c\u1ea5p d\u1ecbch v\u1ee5 thu gom t\u1eadn n\u01a1i, m\u1ee9c gi\u00e1 c\u1ea1nh tranh v\u00e0 cam k\u1ebft h\u1ee3p t\u00e1c l\u00e2u d\u00e0i, \u1ed5n \u0111\u1ecbnh th\u00f4ng qua c\u00e1c h\u1ee3p \u0111\u1ed3ng minh b\u1ea1ch, b\u1ec1n v\u1eefng.<\/p>\n\t\t<\/div>\n\t\t\t\t\n<style>\n#col-400253707 > .col-inner {\n  margin: 0px 0px -30px 0px;\n}\n<\/style>\n\t<\/div>\n\n\t\n<\/div>\n\t\t<\/div>\n\n\t\t\n<style>\n#section_1390013822 {\n  padding-top: 40px;\n  padding-bottom: 40px;\n  background-color: rgb(0, 163, 53);\n}\n#section_1390013822 .section-bg img {\n  object-position: 0% 0%;\n}\n@media (min-width:550px) {\n  #section_1390013822 {\n    padding-top: 60px;\n    padding-bottom: 60px;\n  }\n}\n@media (min-width:850px) {\n  #section_1390013822 {\n    padding-top: 100px;\n    padding-bottom: 100px;\n  }\n}\n<\/style>\n\t<\/section>\n\t\n\n\t<section class=\"section\" id=\"section_310438662\">\n\t\t<div class=\"section-bg fill\" >\n\t\t\t\t\t\t\t\t\t\n\t\t\t\n\n\t\t<\/div>\n\n\t\t\n\n\t\t<div class=\"section-content relative\">\n\t\t\t\n<div class=\"row row-large align-middle\"  id=\"row-415465524\">\n\n\t<div id=\"col-981200262\" class=\"col medium-12 small-12 large-6\"  >\n\t\t\t\t<div class=\"col-inner\"  >\n\t\t\t\n\t\t\t\n\t<div class=\"img has-hover x md-x lg-x y md-y lg-y\" id=\"image_1410927155\">\n\t\t\t\t\t\t\t\t<div class=\"img-inner dark\" >\n\t\t\t<img loading=\"lazy\" decoding=\"async\" width=\"768\" height=\"1024\" src=\"https:\/\/fte.vn\/wp-content\/uploads\/2026\/04\/z7026620598033_258c9886886fbc0299a4b8b7b5ff3c24-768x1024.jpg\" class=\"attachment-large size-large\" alt=\"\" srcset=\"https:\/\/fte.vn\/wp-content\/uploads\/2026\/04\/z7026620598033_258c9886886fbc0299a4b8b7b5ff3c24-768x1024.jpg 768w, https:\/\/fte.vn\/wp-content\/uploads\/2026\/04\/z7026620598033_258c9886886fbc0299a4b8b7b5ff3c24-225x300.jpg 225w, https:\/\/fte.vn\/wp-content\/uploads\/2026\/04\/z7026620598033_258c9886886fbc0299a4b8b7b5ff3c24.jpg 960w\" sizes=\"auto, (max-width: 768px) 100vw, 768px\" \/>\t\t\t\t\t\t\n\t\t\t\t\t<\/div>\n\t\t\t\t\t\t\t\t\n<style>\n#image_1410927155 {\n  width: 89%;\n}\n<\/style>\n\t<\/div>\n\t\n\t\t<\/div>\n\t\t\t\t\n<style>\n#col-981200262 > .col-inner {\n  padding: 0px 0px 0px 0px;\n}\n<\/style>\n\t<\/div>\n\n\t\n\n\t<div id=\"col-1031297945\" class=\"col medium-12 small-12 large-6\"  >\n\t\t\t\t<div class=\"col-inner\"  >\n\t\t\t\n\t\t\t\n\t<div id=\"text-3263531358\" class=\"text\">\n\t\t\n<h5>15 N\u0102M KINH NGHI\u1ec6M<\/h5>\n\t\t\n<style>\n#text-3263531358 {\n  color: #00a335;\n}\n#text-3263531358 > * {\n  color: #00a335;\n}\n<\/style>\n\t<\/div>\n\t\n\t<div id=\"text-1180146865\" class=\"text\">\n\t\t\n<h2>FTE thu gom UCO \u0111\u1ec3 l\u00e0m g\u00ec ?<\/h2>\n\t\t\n<style>\n#text-1180146865 {\n  font-size: 1.5rem;\n  line-height: 1.3;\n}\n<\/style>\n\t<\/div>\n\t\n\t<div id=\"text-563747925\" class=\"text\">\n\t\t\n<p data-start=\"469\" data-end=\"793\">FTE cam k\u1ebft to\u00e0n b\u1ed9 l\u01b0\u1ee3ng d\u1ea7u \u0103n \u0111\u00e3 qua s\u1eed d\u1ee5ng \u0111\u01b0\u1ee3c thu gom ch\u1ec9 ph\u1ee5c v\u1ee5 cho m\u1ee5c \u0111\u00edch xu\u1ea5t kh\u1ea9u v\u00e0 s\u1ea3n xu\u1ea5t nhi\u00ean li\u1ec7u sinh h\u1ecdc Biodiesel, kh\u00f4ng t\u00e1i ch\u1ebf th\u00e0nh th\u1ef1c ph\u1ea9m cho con ng\u01b0\u1eddi. \u0110\u00e2y l\u00e0 \u0111\u1ecbnh h\u01b0\u1edbng nh\u1ea5t qu\u00e1n c\u1ee7a ch\u00fang t\u00f4i nh\u1eb1m g\u00f3p ph\u1ea7n b\u1ea3o v\u1ec7 s\u1ee9c kh\u1ecfe c\u1ed9ng \u0111\u1ed3ng v\u00e0 th\u00fac \u0111\u1ea9y chu\u1ed7i gi\u00e1 tr\u1ecb n\u0103ng l\u01b0\u1ee3ng b\u1ec1n v\u1eefng.<\/p>\n<p data-start=\"0\" data-end=\"223\">T\u1eeb d\u1ea7u \u0103n \u0111\u00e3 qua s\u1eed d\u1ee5ng (UCO), m\u1ee1 \u0111\u1ed9ng v\u1eadt, c\u00f3 th\u1ec3 s\u1ea3n xu\u1ea5t nhi\u00ean li\u1ec7u sinh h\u1ecdc ti\u00ean ti\u1ebfn nh\u01b0 HVO v\u00e0 SAF th\u00f4ng qua c\u00f4ng ngh\u1ec7 hydro x\u1eed l\u00fd (HEFA). \u0110\u00e2y l\u00e0 nhi\u00ean li\u1ec7u \u201cdrop-in\u201d, thay th\u1ebf tr\u1ef1c ti\u1ebfp diesel v\u00e0 nhi\u00ean li\u1ec7u h\u00e0ng kh\u00f4ng h\u00f3a th\u1ea1ch.<\/p>\n<p data-start=\"225\" data-end=\"336\" data-is-last-node=\"\" data-is-only-node=\"\">Gi\u1ea3i ph\u00e1p n\u00e0y gi\u00fap gi\u1ea3m m\u1ea1nh ph\u00e1t th\u1ea3i CO\u2082, t\u1eadn d\u1ee5ng ph\u1ee5 ph\u1ea9m v\u00e0 ph\u00f9 h\u1ee3p xu h\u01b0\u1edbng n\u0103ng l\u01b0\u1ee3ng b\u1ec1n v\u1eefng to\u00e0n c\u1ea7u.<\/p>\n\t\t\n<style>\n#text-563747925 {\n  font-size: 1.1rem;\n}\n<\/style>\n\t<\/div>\n\t\n\t\t<\/div>\n\t\t\t\t\n<style>\n#col-1031297945 > .col-inner {\n  margin: 0px 0px -30px 0px;\n}\n<\/style>\n\t<\/div>\n\n\t\n<\/div>\n\t\t<\/div>\n\n\t\t\n<style>\n#section_310438662 {\n  padding-top: 60px;\n  padding-bottom: 60px;\n}\n@media (min-width:850px) {\n  #section_310438662 {\n    padding-top: 90px;\n    padding-bottom: 90px;\n  }\n}\n<\/style>\n\t<\/section>\n\t\n\n\t<section class=\"section\" id=\"section_1020083731\">\n\t\t<div class=\"section-bg fill\" >\n\t\t\t\t\t\t\t\t\t\n\t\t\t\n\n\t\t<\/div>\n\n\t\t\n\n\t\t<div class=\"section-content relative\">\n\t\t\t\n<div class=\"row row-collapse row-full-width align-middle\"  id=\"row-1949342266\">\n\n\t<div id=\"col-1679064091\" class=\"col medium-12 small-12 large-6\"  >\n\t\t\t\t<div class=\"col-inner\"  >\n\t\t\t\n\t\t\t\n\t<div class=\"img has-hover x md-x lg-x y md-y lg-y\" id=\"image_964337671\">\n\t\t\t\t\t\t\t\t<div class=\"img-inner image-cover dark\" style=\"padding-top:400px;\">\n\t\t\t<img loading=\"lazy\" decoding=\"async\" width=\"1020\" height=\"765\" src=\"https:\/\/fte.vn\/wp-content\/uploads\/2026\/04\/z5464092975940_003c266d8a705afec1978033a2966435-1024x768.jpg\" class=\"attachment-large size-large\" alt=\"\" srcset=\"https:\/\/fte.vn\/wp-content\/uploads\/2026\/04\/z5464092975940_003c266d8a705afec1978033a2966435-1024x768.jpg 1024w, https:\/\/fte.vn\/wp-content\/uploads\/2026\/04\/z5464092975940_003c266d8a705afec1978033a2966435-300x225.jpg 300w, https:\/\/fte.vn\/wp-content\/uploads\/2026\/04\/z5464092975940_003c266d8a705afec1978033a2966435-768x576.jpg 768w, https:\/\/fte.vn\/wp-content\/uploads\/2026\/04\/z5464092975940_003c266d8a705afec1978033a2966435.jpg 1280w\" sizes=\"auto, (max-width: 1020px) 100vw, 1020px\" \/>\t\t\t\t\t\t\n\t\t\t\t\t<\/div>\n\t\t\t\t\t\t\t\t\n<style>\n#image_964337671 {\n  width: 100%;\n}\n<\/style>\n\t<\/div>\n\t\n\t\t<\/div>\n\t\t\t\t\t<\/div>\n\n\t\n\n\t<div id=\"col-562899002\" class=\"col container-right medium-12 small-12 large-6 medium-col-first\"  >\n\t\t\t\t<div class=\"col-inner\"  >\n\t\t\t\n\t\t\t\n\t<div id=\"text-2810531782\" class=\"text\">\n\t\t\n<h2>S\u1ea3n ph\u1ea9m v\u00e0 l\u0129nh v\u1ef1c ho\u1ea1t \u0111\u1ed9ng<\/h2>\n\t\t\n<style>\n#text-2810531782 {\n  font-size: 1.5rem;\n}\n<\/style>\n\t<\/div>\n\t\n<p data-start=\"1086\" data-end=\"1334\">B\u00ean c\u1ea1nh ho\u1ea1t \u0111\u1ed9ng thu gom v\u00e0 xu\u1ea5t kh\u1ea9u UCO, FTE c\u00f2n l\u00e0 doanh nghi\u1ec7p c\u00f3 nhi\u1ec1u n\u0103m kinh nghi\u1ec7m trong l\u0129nh v\u1ef1c d\u1ea7u \u0111\u1ed1t c\u00f4ng nghi\u1ec7p FOR, HFO, d\u1ea7u v\u1ecf h\u1ea1t \u0111i\u1ec1u, cardanol\u00a0v\u00e0 c\u00e1c gi\u1ea3i ph\u00e1p nhi\u00ean li\u1ec7u c\u00f4ng nghi\u1ec7p th\u00e2n thi\u1ec7n v\u1edbi m\u00f4i tr\u01b0\u1eddng.<\/p>\n\t\t<\/div>\n\t\t\t\t\n<style>\n#col-562899002 > .col-inner {\n  padding: 60px 15px 60px 15px;\n}\n@media (min-width:850px) {\n  #col-562899002 > .col-inner {\n    padding: 0px 0px 0px 60px;\n  }\n}\n<\/style>\n\t<\/div>\n\n\t\n<\/div>\n\t<div id=\"gap-298826235\" class=\"gap-element clearfix hide-for-medium\" style=\"display:block; height:auto;\">\n\t\t\n<style>\n#gap-298826235 {\n  padding-top: 80px;\n}\n<\/style>\n\t<\/div>\n\t\n<div class=\"row row-collapse row-full-width align-middle\"  id=\"row-387114541\">\n\n\t<div id=\"col-2107365722\" class=\"col container-left medium-12 small-12 large-6\"  >\n\t\t\t\t<div class=\"col-inner\"  >\n\t\t\t\n\t\t\t\n\t<div id=\"text-2412626743\" class=\"text\">\n\t\t\n<h2>Kinh nghi\u1ec7m v\u00e0 gi\u00e1 tr\u1ecb \u0111\u1ed3ng h\u00e0nh<\/h2>\n\t\t\n<style>\n#text-2412626743 {\n  font-size: 1.5rem;\n}\n<\/style>\n\t<\/div>\n\t\n<p data-start=\"2118\" data-end=\"2373\">V\u1edbi h\u01a1n 15 n\u0103m kinh nghi\u1ec7m trong ng\u00e0nh d\u1ea7u v\u1ecf h\u1ea1t \u0111i\u1ec1u, d\u1ea7u \u0111\u1ed1t c\u00f4ng nghi\u1ec7p v\u00e0 sinh kh\u1ed1i \u0111\u1ed1t c\u00f4ng nghi\u1ec7p, FTE lu\u00f4n s\u1eb5n s\u00e0ng t\u01b0 v\u1ea5n gi\u1ea3i ph\u00e1p nhi\u00ean li\u1ec7u ph\u00f9 h\u1ee3p v\u1edbi t\u1eebng lo\u1ea1i l\u00f2 h\u01a1i, h\u1ec7 th\u1ed1ng \u0111\u1ed1t l\u00f2 v\u00e0 nhu c\u1ea7u v\u1eadn h\u00e0nh th\u1ef1c t\u1ebf c\u1ee7a doanh nghi\u1ec7p.<\/p>\n<p data-start=\"2375\" data-end=\"2652\">Ch\u00fang t\u00f4i ch\u00e2n th\u00e0nh c\u1ea3m \u01a1n qu\u00fd kh\u00e1ch h\u00e0ng \u0111\u00e3 tin t\u01b0\u1edfng v\u00e0 \u0111\u1ed3ng h\u00e0nh c\u00f9ng FTE trong su\u1ed1t th\u1eddi gian qua. S\u1ef1 \u1ee7ng h\u1ed9 c\u1ee7a qu\u00fd kh\u00e1ch l\u00e0 \u0111\u1ed9ng l\u1ef1c \u0111\u1ec3 ch\u00fang t\u00f4i kh\u00f4ng ng\u1eebng ph\u00e1t tri\u1ec3n, n\u00e2ng cao ch\u1ea5t l\u01b0\u1ee3ng s\u1ea3n ph\u1ea9m v\u00e0 d\u1ecbch v\u1ee5, mang \u0111\u1ebfn nh\u1eefng gi\u1ea3i ph\u00e1p hi\u1ec7u qu\u1ea3, an to\u00e0n v\u00e0 b\u1ec1n v\u1eefng h\u01a1n.<\/p>\n\t\t<\/div>\n\t\t\t\t\n<style>\n#col-2107365722 > .col-inner {\n  padding: 70px 15px 70px 15px;\n}\n@media (min-width:850px) {\n  #col-2107365722 > .col-inner {\n    padding: 0px 60px 0px 0px;\n  }\n}\n<\/style>\n\t<\/div>\n\n\t\n\n\t<div id=\"col-609205375\" class=\"col medium-12 small-12 large-6\"  >\n\t\t\t\t<div class=\"col-inner\"  >\n\t\t\t\n\t\t\t\n\t<div class=\"img has-hover x md-x lg-x y md-y lg-y\" id=\"image_652040963\">\n\t\t\t\t\t\t\t\t<div class=\"img-inner dark\" >\n\t\t\t<img loading=\"lazy\" decoding=\"async\" width=\"421\" height=\"694\" src=\"https:\/\/fte.vn\/wp-content\/uploads\/2026\/04\/Screenshot-2026-04-14-113153.jpg\" class=\"attachment-medium_large size-medium_large\" alt=\"\" srcset=\"https:\/\/fte.vn\/wp-content\/uploads\/2026\/04\/Screenshot-2026-04-14-113153.jpg 421w, https:\/\/fte.vn\/wp-content\/uploads\/2026\/04\/Screenshot-2026-04-14-113153-182x300.jpg 182w\" sizes=\"auto, (max-width: 421px) 100vw, 421px\" \/>\t\t\t\t\t\t\n\t\t\t\t\t<\/div>\n\t\t\t\t\t\t\t\t\n<style>\n#image_652040963 {\n  width: 56%;\n}\n<\/style>\n\t<\/div>\n\t\n\t\t<\/div>\n\t\t\t\t\t<\/div>\n\n\t\n<\/div>\n\t\t<\/div>\n\n\t\t\n<style>\n#section_1020083731 {\n  padding-top: 0px;\n  padding-bottom: 0px;\n  background-color: rgb(247, 247, 247);\n}\n<\/style>\n\t<\/section>\n\t\n","protected":false},"excerpt":{"rendered":"","protected":false},"author":1,"featured_media":0,"parent":0,"menu_order":8,"comment_status":"closed","ping_status":"closed","template":"page-blank.php","meta":{"footnotes":""},"class_list":["post-866","page","type-page","status-publish","hentry"],"_links":{"self":[{"href":"https:\/\/fte.vn\/en\/wp-json\/wp\/v2\/pages\/866","targetHints":{"allow":["GET"]}}],"collection":[{"href":"https:\/\/fte.vn\/en\/wp-json\/wp\/v2\/pages"}],"about":[{"href":"https:\/\/fte.vn\/en\/wp-json\/wp\/v2\/types\/page"}],"author":[{"embeddable":true,"href":"https:\/\/fte.vn\/en\/wp-json\/wp\/v2\/users\/1"}],"replies":[{"embeddable":true,"href":"https:\/\/fte.vn\/en\/wp-json\/wp\/v2\/comments?post=866"}],"version-history":[{"count":10,"href":"https:\/\/fte.vn\/en\/wp-json\/wp\/v2\/pages\/866\/revisions"}],"predecessor-version":[{"id":1066,"href":"https:\/\/fte.vn\/en\/wp-json\/wp\/v2\/pages\/866\/revisions\/1066"}],"wp:attachment":[{"href":"https:\/\/fte.vn\/en\/wp-json\/wp\/v2\/media?parent=866"}],"curies":[{"name":"wp","href":"https:\/\/api.w.org\/{rel}","templated":true}]}}