{"id":865,"date":"2025-06-20T09:05:08","date_gmt":"2025-06-20T02:05:08","guid":{"rendered":"https:\/\/fte.vn\/lien-he"},"modified":"2026-04-02T15:08:09","modified_gmt":"2026-04-02T08:08:09","slug":"lien-he","status":"publish","type":"page","link":"https:\/\/fte.vn\/en\/lien-he","title":{"rendered":"Li\u00ean h\u1ec7"},"content":{"rendered":"  <div id=\"page-header-1642324657\" class=\"page-header-wrapper\">\n  <div class=\"page-title light simple-title\">\n\n        <div class=\"page-title-bg\">\n      <div class=\"title-bg fill bg-fill\"\n        data-parallax-container=\".page-title\"\n        data-parallax-background\n        data-parallax=\"-\">\n      <\/div>\n      <div class=\"title-overlay fill\"><\/div>\n    <\/div>\n    \n    <div class=\"page-title-inner container align-center flex-row medium-flex-wrap\" >\n              <div class=\"title-wrapper flex-col text-left medium-text-center\">\n          <h1 class=\"entry-title mb-0\">\n            Li\u00ean h\u1ec7          <\/h1>\n        <\/div>\n                    <div class=\"title-content flex-col flex-right text-right medium-text-center\">\n        <div class=\"title-breadcrumbs pb-half pt-half\"><\/div>      <\/div>\n    <\/div>\n\n     \n<style>\n#page-header-1642324657 .page-title-inner {\n  min-height: 165px;\n}\n#page-header-1642324657 .title-overlay {\n  background-color: rgba(0, 0, 0, 0);\n}\n#page-header-1642324657 {\n  background-color: rgb(247, 247, 247);\n}\n<\/style>\n  <\/div>\n    <\/div>\n  \n\n\t<section class=\"section bg-contain\" id=\"section_1667388377\">\n\t\t<div class=\"section-bg fill\" >\n\t\t\t<img decoding=\"async\" src=\"https:\/\/fte.vn\/wp-content\/uploads\/2026\/03\/svgviewer-output-2.svg\" class=\"bg attachment-original size-original\" alt=\"\" \/>\t\t\t\t\t\t<div class=\"section-bg-overlay absolute fill\"><\/div>\n\t\t\t\n\n\t\t<\/div>\n\n\t\t\n\n\t\t<div class=\"section-content relative\">\n\t\t\t\n<div class=\"row row-large\"  id=\"row-831709284\">\n\n\t<div id=\"col-1805163582\" class=\"col medium-12 small-12 large-6\"  >\n\t\t\t\t<div class=\"col-inner dark\"  >\n\t\t\t\n\t\t\t\n\t<div id=\"text-2532058993\" class=\"text uppercase\">\n\t\t\n<h5>Li\u00ean h\u1ec7<\/h5>\n\t\t\n<style>\n#text-2532058993 {\n  color: #7a9c59;\n}\n#text-2532058993 > * {\n  color: #7a9c59;\n}\n<\/style>\n\t<\/div>\n\t\n\t<div id=\"text-931080969\" class=\"text\">\n\t\t\n<h2>H\u00e3y li\u00ean h\u1ec7 v\u1edbi ch\u00fang t\u00f4i.<\/h2>\n<h2>Ch\u00fang t\u00f4i r\u1ea5t mong nh\u1eadn \u0111\u01b0\u1ee3c ph\u1ea3n h\u1ed3i t\u1eeb b\u1ea1n.<\/h2>\n\t\t\n<style>\n#text-931080969 {\n  font-size: 1.55rem;\n  line-height: 1.3;\n  color: rgb(255, 255, 255);\n}\n#text-931080969 > * {\n  color: rgb(255, 255, 255);\n}\n@media (min-width:550px) {\n  #text-931080969 {\n    font-size: 1.5rem;\n  }\n}\n<\/style>\n\t<\/div>\n\t\n\t<div id=\"text-3798002173\" class=\"text\">\n\t\t\n<p>H\u00e3y li\u00ean h\u1ec7 v\u1edbi ch\u00fang t\u00f4i. Ch\u00fang t\u00f4i r\u1ea5t mong nh\u1eadn \u0111\u01b0\u1ee3c ph\u1ea3n h\u1ed3i t\u1eeb b\u1ea1n.<\/p>\n\t\t\n<style>\n#text-3798002173 {\n  font-size: 1.1rem;\n}\n<\/style>\n\t<\/div>\n\t\n\t<div id=\"text-3355290837\" class=\"text\">\n\t\t\n<p>HOTLINE: 0976.802.439<\/p>\n<p>\u0110\u1ecaA CH\u1ec8 EMAIL: <strong>info@fte.vn<\/strong><\/p>\n\t\t\n<style>\n#text-3355290837 {\n  line-height: 1.3;\n}\n<\/style>\n\t<\/div>\n\t\n\t\t<\/div>\n\t\t\t\t\t<\/div>\n\n\t\n\n\t<div id=\"col-1408530388\" class=\"col medium-12 small-12 large-6\"  data-animate=\"fadeInUp\">\n\t\t\t\t<div class=\"col-inner\"  >\n\t\t\t\n\t\t\t\n\t<div id=\"text-3953242924\" class=\"text mbws-ss-title\">\n\t\t\n<h2>Y\u00eau c\u1ea7u <span class=\"fancy-underline\">B\u00e1o gi\u00e1<\/span><\/h2>\n\t\t\n<style>\n#text-3953242924 {\n  font-size: 1.5rem;\n  color: rgb(255, 255, 255);\n}\n#text-3953242924 > * {\n  color: rgb(255, 255, 255);\n}\n<\/style>\n\t<\/div>\n\t\n<div class=\"row row-collapse\"  id=\"row-1545483463\">\n\n\t<div id=\"col-991948293\" class=\"col small-12 large-12\"  >\n\t\t\t\t<div class=\"col-inner\"  >\n\t\t\t\n\t\t\t\n\t<div id=\"text-1737662192\" class=\"text\">\n\t\t\n<h3>Nh\u1eadp th\u00f4ng tin chi ti\u1ebft v\u00e0o m\u1eabu n\u00e0y:<\/h3>\n<p>Ch\u00fang t\u00f4i s\u1ebd li\u00ean h\u1ec7 \u0111\u1ebfn b\u1ea1n ngay khi nh\u1eadn \u0111\u01b0\u1ee3c th\u00f4ng tin:<\/p>\n\t\t\n<style>\n#text-1737662192 {\n  font-size: 1.05rem;\n}\n<\/style>\n\t<\/div>\n\t\n\n<div class=\"wpcf7 no-js\" id=\"wpcf7-f64-o1\" lang=\"vi\" dir=\"ltr\" data-wpcf7-id=\"64\">\n<div class=\"screen-reader-response\"><p role=\"status\" aria-live=\"polite\" aria-atomic=\"true\"><\/p> <ul><\/ul><\/div>\n<form action=\"\/en\/wp-json\/wp\/v2\/pages\/865#wpcf7-f64-o1\" method=\"post\" class=\"wpcf7-form init\" aria-label=\"Form li\u00ean h\u1ec7\" novalidate=\"novalidate\" data-status=\"init\">\n<fieldset class=\"hidden-fields-container\"><input type=\"hidden\" name=\"_wpcf7\" value=\"64\" \/><input type=\"hidden\" name=\"_wpcf7_version\" value=\"6.1.5\" \/><input type=\"hidden\" name=\"_wpcf7_locale\" value=\"vi\" \/><input type=\"hidden\" name=\"_wpcf7_unit_tag\" value=\"wpcf7-f64-o1\" \/><input type=\"hidden\" name=\"_wpcf7_container_post\" value=\"0\" \/><input type=\"hidden\" name=\"_wpcf7_posted_data_hash\" value=\"\" \/>\n<\/fieldset>\n<div style=\"display: none\"><p><span class=\"wpcf7-form-control-wrap\" data-name=\"mbws\"><input size=\"40\" class=\"wpcf7-form-control wpcf7-text\" aria-invalid=\"false\" value=\"\" type=\"text\" name=\"mbws\"><\/span><\/p><\/div><div class=\"row row-small\">\n<div class=\"col large-12\">\n<label>H\u1ecd v\u00e0 T\u00ean<\/label>\n<span class=\"wpcf7-form-control-wrap\" data-name=\"your-name\"><input size=\"40\" maxlength=\"400\" class=\"wpcf7-form-control wpcf7-text wpcf7-validates-as-required\" autocomplete=\"name\" aria-required=\"true\" aria-invalid=\"false\" value=\"\" type=\"text\" name=\"your-name\" \/><\/span>\n<\/div>\n<div class=\"col large-6\">\n<label>Email<\/label>\n<span class=\"wpcf7-form-control-wrap\" data-name=\"your-mail\"><input size=\"40\" maxlength=\"400\" class=\"wpcf7-form-control wpcf7-email wpcf7-validates-as-required wpcf7-text wpcf7-validates-as-email\" aria-required=\"true\" aria-invalid=\"false\" value=\"\" type=\"email\" name=\"your-mail\" \/><\/span>\n<\/div>\n<div class=\"col large-6\">\n<label>S\u1ed1 \u0111i\u1ec7n tho\u1ea1i<\/label>\n<span class=\"wpcf7-form-control-wrap\" data-name=\"your-phone\"><input size=\"40\" maxlength=\"400\" class=\"wpcf7-form-control wpcf7-tel wpcf7-validates-as-required wpcf7-text wpcf7-validates-as-tel\" aria-required=\"true\" aria-invalid=\"false\" value=\"\" type=\"tel\" name=\"your-phone\" \/><\/span>\n<\/div>\n<div class=\"col large-12\">\n<label>N\u1ed9i dung<\/label>\n<span class=\"wpcf7-form-control-wrap\" data-name=\"content\"><textarea cols=\"40\" rows=\"10\" maxlength=\"2000\" class=\"wpcf7-form-control wpcf7-textarea\" aria-invalid=\"false\" name=\"content\"><\/textarea><\/span>\n<\/div> \n<div class=\"col large-12 pb-0\">\n<input class=\"wpcf7-form-control wpcf7-submit has-spinner\" type=\"submit\" value=\"G\u1eedi\" \/>\n<\/div>\n<\/div><div class=\"wpcf7-response-output\" aria-hidden=\"true\"><\/div>\n<\/form>\n<\/div>\n\n\t\t<\/div>\n\t\t\t\t\n<style>\n#col-991948293 > .col-inner {\n  padding: 30px 15px 15px 15px;\n  border-radius: 4px;\n}\n@media (min-width:550px) {\n  #col-991948293 > .col-inner {\n    padding: 55px 55px 55px 55px;\n  }\n}\n<\/style>\n\t<\/div>\n\n\t\n\n<style>\n#row-1545483463 > .col > .col-inner {\n  background-color: rgb(255, 255, 255);\n}\n<\/style>\n<\/div>\n\t\t<\/div>\n\t\t\t\t\t<\/div>\n\n\t\n<\/div>\n\t\t<\/div>\n\n\t\t\n<style>\n#section_1667388377 {\n  padding-top: 60px;\n  padding-bottom: 60px;\n  background-color: rgb(95, 108, 119);\n}\n#section_1667388377 .section-bg-overlay {\n  background-color: rgba(95, 108, 119, 0.797);\n}\n#section_1667388377 .section-bg img {\n  object-position: 100% 0%;\n}\n@media (min-width:850px) {\n  #section_1667388377 {\n    padding-top: 90px;\n    padding-bottom: 90px;\n  }\n}\n<\/style>\n\t<\/section>\n\t\n","protected":false},"excerpt":{"rendered":"","protected":false},"author":1,"featured_media":0,"parent":0,"menu_order":9,"comment_status":"closed","ping_status":"closed","template":"page-blank.php","meta":{"footnotes":""},"class_list":["post-865","page","type-page","status-publish","hentry"],"_links":{"self":[{"href":"https:\/\/fte.vn\/en\/wp-json\/wp\/v2\/pages\/865","targetHints":{"allow":["GET"]}}],"collection":[{"href":"https:\/\/fte.vn\/en\/wp-json\/wp\/v2\/pages"}],"about":[{"href":"https:\/\/fte.vn\/en\/wp-json\/wp\/v2\/types\/page"}],"author":[{"embeddable":true,"href":"https:\/\/fte.vn\/en\/wp-json\/wp\/v2\/users\/1"}],"replies":[{"embeddable":true,"href":"https:\/\/fte.vn\/en\/wp-json\/wp\/v2\/comments?post=865"}],"version-history":[{"count":2,"href":"https:\/\/fte.vn\/en\/wp-json\/wp\/v2\/pages\/865\/revisions"}],"predecessor-version":[{"id":963,"href":"https:\/\/fte.vn\/en\/wp-json\/wp\/v2\/pages\/865\/revisions\/963"}],"wp:attachment":[{"href":"https:\/\/fte.vn\/en\/wp-json\/wp\/v2\/media?parent=865"}],"curies":[{"name":"wp","href":"https:\/\/api.w.org\/{rel}","templated":true}]}}